{"id":33,"date":"2022-08-14T19:33:05","date_gmt":"2022-08-14T22:33:05","guid":{"rendered":"https:\/\/www.projetogerizim.com.br\/?page_id=33"},"modified":"2025-03-13T07:34:35","modified_gmt":"2025-03-13T10:34:35","slug":"prestacao-de-contas","status":"publish","type":"page","link":"https:\/\/www.projetogerizim.com.br\/index.php\/prestacao-de-contas\/","title":{"rendered":"Transpar\u00eancia"},"content":{"rendered":"\n<p>Desde o m\u00eas de Abril do ano corrente(2022) firmamos parceria com a Prefeitura de Pindamonhangaba o que nos proporcionou melhores condi\u00e7\u00f5es de trabalho, desde o lanche, condu\u00e7\u00f5es, alguns materiais de trabalho e at\u00e9 pagamento de alguns profissionais como psic\u00f3logo, assistente social, professor t\u00e9cnico, auxiliar de limpeza e administrativo. <\/p>\n\n\n\n<p>PARCERIA com a Prefeitura Municipal de Pindamonhangaba\/SP, efetivada junto a Secretaria Municipal de Assist\u00eancia Social, contemplada pela Emenda Impositiva n\u00b0 LOA 2022 SAS nos moldes da Lei n\u00ba 13.019\/2014 (Termo de Fomento), aprovada na sess\u00e3o plen\u00e1ria c\u00e2mara municipal de Pindamonhangaba\/SP considerando a libera\u00e7\u00e3o de recurso a esta entidade, atrav\u00e9s de emendas impositivas dos Vereadores Jos\u00e9 Carlos Gomes \u201cCal\u201d, Gilson Nagrin, Julio C\u00e9sar Carneiro de Souza \u201cJulinho Car\u201d, Rog\u00e9rio Ramos e Regina C\u00e9lia, Daniel Santos \u201cRegininha\u201d, sendo R$ 65.000,00 para custeio de despesas.<\/p>\n\n\n\n<p>Desta forma segue nossa presta\u00e7\u00e3o de contas junto a prefeitura mediante os seguintes meses:<\/p>\n\n\n\n<h2 class=\"wp-block-heading\">Regulamento de compras:<\/h2>\n\n\n\n<p>Todas as compras e pagamentos de servi\u00e7os seguem baseados no Regulamento logo abaixo:<\/p>\n\n\n\n<p><a href=\"http:\/\/www.projetogerizim.com.br\/wp-content\/uploads\/2022\/10\/REGULAMENTO-DE-COMPRAS.pdf\">Regulamento<\/a><\/p>\n\n\n\n<p><a href=\"http:\/\/www.projetogerizim.com.br\/wp-content\/uploads\/2024\/02\/SETEMBRO-prestacao.pdf\">Setembro\/2022<\/a><\/p>\n\n\n\n<p><a href=\"http:\/\/www.projetogerizim.com.br\/wp-content\/uploads\/2024\/02\/OUTUBRO-prestacao.pdf\">Outubro\/2022<\/a><\/p>\n\n\n\n<p><a href=\"http:\/\/www.projetogerizim.com.br\/wp-content\/uploads\/2024\/02\/NOVEMBRO-prestacao.pdf\">Novembro\/2022<\/a><\/p>\n\n\n\n<p><a href=\"http:\/\/www.projetogerizim.com.br\/wp-content\/uploads\/2024\/02\/DEZEMBRO-prestacao.pdf\">Dezembro\/2022<\/a><\/p>\n\n\n\n<p><a href=\"http:\/\/www.projetogerizim.com.br\/wp-content\/uploads\/2024\/02\/AGOSTO-prestacao.pdf\">Agosto\/2022<\/a><\/p>\n\n\n\n<p><a href=\"http:\/\/www.projetogerizim.com.br\/wp-content\/uploads\/2024\/02\/JULHO-prestacao.pdf\">Julho\/2022<\/a><\/p>\n\n\n\n<p><a href=\"http:\/\/www.projetogerizim.com.br\/wp-content\/uploads\/2022\/08\/GEREZIM-JUNHO.pdf\" data-type=\"URL\" data-id=\"http:\/\/www.projetogerizim.com.br\/wp-content\/uploads\/2022\/08\/GEREZIM-JUNHO.pdf\" target=\"_blank\" rel=\"noreferrer noopener\">Junho\/2022<\/a><\/p>\n\n\n\n<p><a href=\"http:\/\/www.projetogerizim.com.br\/wp-content\/uploads\/2022\/08\/GEREZIM-MAIO-2.pdf\" data-type=\"URL\" data-id=\"http:\/\/www.projetogerizim.com.br\/wp-content\/uploads\/2022\/08\/GEREZIM-MAIO-2.pdf\" target=\"_blank\" rel=\"noreferrer noopener\">Maio\/2022<\/a><\/p>\n\n\n\n<p><a href=\"http:\/\/www.projetogerizim.com.br\/wp-content\/uploads\/2022\/08\/GEREZIM-MAIO-2.pdf\" data-type=\"URL\" data-id=\"http:\/\/www.projetogerizim.com.br\/wp-content\/uploads\/2022\/08\/GEREZIM-MAIO-2.pdf\" target=\"_blank\" rel=\"noreferrer noopener\">Abril\/2022<\/a><\/p>\n\n\n\n<p><a href=\"http:\/\/www.projetogerizim.com.br\/wp-content\/uploads\/2024\/02\/BALANCO2023.pdf\">Balan\u00e7o 2023<\/a><\/p>\n\n\n\n<p><a href=\"http:\/\/www.projetogerizim.com.br\/wp-content\/uploads\/2024\/02\/Prestacao-de-contas-julho-2023.pdf\">Julho 2023<\/a><\/p>\n\n\n\n<p><a href=\"http:\/\/www.projetogerizim.com.br\/wp-content\/uploads\/2024\/02\/Prestacao-de-contas-Agosto-2023.pdf\">Agosto 2023<\/a><\/p>\n\n\n\n<p><a href=\"http:\/\/www.projetogerizim.com.br\/wp-content\/uploads\/2024\/02\/Prestacao-de-conta-setembro.pdf\">Setembro 2023 <\/a><\/p>\n\n\n\n<p><a href=\"http:\/\/www.projetogerizim.com.br\/wp-content\/uploads\/2024\/02\/Prestacao-de-contas-outubro-2023.pdf\">Outubro 2023<\/a><\/p>\n\n\n\n<p><a href=\"http:\/\/www.projetogerizim.com.br\/wp-content\/uploads\/2024\/02\/Prestacao-de-contas-novembro-2023.pdf\">Novembro 2023<\/a><\/p>\n\n\n\n<p><a href=\"http:\/\/www.projetogerizim.com.br\/wp-content\/uploads\/2024\/02\/Prestacao-de-contas-dezembro-2023.pdf\">Dezembro 2023 <\/a>  <\/p>\n\n\n\n<p><a href=\"http:\/\/www.projetogerizim.com.br\/wp-content\/uploads\/2025\/03\/JANEIRO-DE-2024_merged.pdf\">FUMCAD JANEIRO 2024<\/a><\/p>\n\n\n\n<p><a href=\"http:\/\/www.projetogerizim.com.br\/wp-content\/uploads\/2025\/03\/FEVEREIRO.pdf\">FUMCAD FEVEREIRO 2024<\/a><\/p>\n\n\n\n<p><a href=\"http:\/\/www.projetogerizim.com.br\/wp-content\/uploads\/2025\/03\/MARCO-2024-I_merged-1.pdf\">FUMCAD MAR\u00c7O 2024<\/a><\/p>\n\n\n\n<p><a href=\"http:\/\/www.projetogerizim.com.br\/wp-content\/uploads\/2025\/03\/FABRIL-2024-I_merged.pdf\">FUMCAD ABRIL 2024<\/a><\/p>\n\n\n\n<p><a href=\"http:\/\/www.projetogerizim.com.br\/wp-content\/uploads\/2025\/03\/FUMCAD-MAIO.pdf\">FUMCAD MAIO 2024<\/a><\/p>\n\n\n\n<p><a href=\"http:\/\/www.projetogerizim.com.br\/wp-content\/uploads\/2025\/03\/FJUNHO-2024-I_merged.pdf\">FUMCAD JUNHO 2024<\/a><\/p>\n\n\n\n<p><a href=\"http:\/\/www.projetogerizim.com.br\/wp-content\/uploads\/2025\/03\/TERMO-I_merged.pdf\">TERMO DE FOMENTO FUMCAD<\/a><\/p>\n\n\n\n<p><a href=\"http:\/\/www.projetogerizim.com.br\/wp-content\/uploads\/2025\/03\/TERMO-I_merged-1.pdf\">TERMO DE FOMENTO VERBA IMPOSITIVA<\/a><\/p>\n\n\n\n<p><a href=\"http:\/\/www.projetogerizim.com.br\/wp-content\/uploads\/2025\/03\/ABRIL-2024-I_merged.pdf\">ABRIL 2024<\/a><\/p>\n\n\n\n<p><a href=\"http:\/\/www.projetogerizim.com.br\/wp-content\/uploads\/2025\/03\/FAMAIO-2024-I_merged-1.pdf\">MAIO 2024<\/a><\/p>\n\n\n\n<p>JUNHO 2024<\/p>\n\n\n\n<p><a href=\"http:\/\/www.projetogerizim.com.br\/wp-content\/uploads\/2025\/03\/JULHO-2024-I_merged.pdf\">JULHO 2024<\/a><\/p>\n\n\n\n<p><a href=\"http:\/\/www.projetogerizim.com.br\/wp-content\/uploads\/2025\/03\/AGOSTO-2024-I_merged.pdf\">AGOSTO 2024<\/a><\/p>\n\n\n\n<p><a href=\"http:\/\/www.projetogerizim.com.br\/wp-content\/uploads\/2025\/03\/SETEMBRO-2024-I_merged.pdf\">SETEMBRO 2024<\/a><\/p>\n\n\n\n<p><a href=\"http:\/\/www.projetogerizim.com.br\/wp-content\/uploads\/2025\/03\/OUTUBRO-2024-I_merged.pdf\">OUTUBRO 2024<\/a><\/p>\n\n\n\n<p><a href=\"http:\/\/www.projetogerizim.com.br\/wp-content\/uploads\/2025\/03\/NOVEMBRO-2024-I_merged.pdf\">NOVEMBRO 2024<\/a><\/p>\n\n\n\n<p><a href=\"http:\/\/www.projetogerizim.com.br\/wp-content\/uploads\/2025\/03\/DEZEMBRO-2024-I_merged.pdf\">DEZEMBRO 2024<\/a><\/p>\n","protected":false},"excerpt":{"rendered":"<p>Desde o m\u00eas de Abril do ano corrente(2022) firmamos parceria com a Prefeitura de Pindamonhangaba [&hellip;]<\/p>\n","protected":false},"author":1,"featured_media":0,"parent":0,"menu_order":0,"comment_status":"closed","ping_status":"closed","template":"","meta":{"footnotes":""},"class_list":["post-33","page","type-page","status-publish","hentry"],"_links":{"self":[{"href":"https:\/\/www.projetogerizim.com.br\/index.php\/wp-json\/wp\/v2\/pages\/33","targetHints":{"allow":["GET"]}}],"collection":[{"href":"https:\/\/www.projetogerizim.com.br\/index.php\/wp-json\/wp\/v2\/pages"}],"about":[{"href":"https:\/\/www.projetogerizim.com.br\/index.php\/wp-json\/wp\/v2\/types\/page"}],"author":[{"embeddable":true,"href":"https:\/\/www.projetogerizim.com.br\/index.php\/wp-json\/wp\/v2\/users\/1"}],"replies":[{"embeddable":true,"href":"https:\/\/www.projetogerizim.com.br\/index.php\/wp-json\/wp\/v2\/comments?post=33"}],"version-history":[{"count":24,"href":"https:\/\/www.projetogerizim.com.br\/index.php\/wp-json\/wp\/v2\/pages\/33\/revisions"}],"predecessor-version":[{"id":390,"href":"https:\/\/www.projetogerizim.com.br\/index.php\/wp-json\/wp\/v2\/pages\/33\/revisions\/390"}],"wp:attachment":[{"href":"https:\/\/www.projetogerizim.com.br\/index.php\/wp-json\/wp\/v2\/media?parent=33"}],"curies":[{"name":"wp","href":"https:\/\/api.w.org\/{rel}","templated":true}]}}